{"id":4323,"date":"2023-06-13T16:57:58","date_gmt":"2023-06-13T16:57:58","guid":{"rendered":"https:\/\/www.sonoramajadahonda.com\/escuela-de-musica\/privacidad\/"},"modified":"2023-10-17T14:57:28","modified_gmt":"2023-10-17T14:57:28","slug":"privacidad","status":"publish","type":"page","link":"https:\/\/www.sonoramajadahonda.com\/escuela-de-musica\/privacidad\/","title":{"rendered":"Pol\u00edtica de privacidad"},"content":{"rendered":"<p>[et_pb_section bb_built=\u00bb1&#8243; _builder_version=\u00bb3.0.47&#8243; inner_width=\u00bbauto\u00bb inner_max_width=\u00bb1080px\u00bb][et_pb_row custom_margin=\u00bb|||\u00bb _builder_version=\u00bb3.15&#8243; background_size=\u00bbinitial\u00bb background_position=\u00bbtop_left\u00bb background_repeat=\u00bbrepeat\u00bb width=\u00bb80%\u00bb max_width=\u00bb1080px\u00bb][et_pb_column type=\u00bb4_4&#8243; _builder_version=\u00bb3.0.47&#8243; parallax=\u00bboff\u00bb parallax_method=\u00bbon\u00bb custom_padding__hover=\u00bb|||\u00bb custom_padding=\u00bb|||\u00bb][et_pb_text _builder_version=\u00bb4.22.2&#8243; background_size=\u00bbinitial\u00bb background_position=\u00bbtop_left\u00bb background_repeat=\u00bbrepeat\u00bb inline_fonts=\u00bbTimes New Roman\u00bb background_pattern_color=\u00bbrgba(0,0,0,0.2)\u00bb background_mask_color=\u00bb#ffffff\u00bb text_text_shadow_horizontal_length=\u00bbtext_text_shadow_style,%91object Object%93&#8243; text_text_shadow_horizontal_length_tablet=\u00bb0px\u00bb text_text_shadow_vertical_length=\u00bbtext_text_shadow_style,%91object Object%93&#8243; text_text_shadow_vertical_length_tablet=\u00bb0px\u00bb text_text_shadow_blur_strength=\u00bbtext_text_shadow_style,%91object Object%93&#8243; text_text_shadow_blur_strength_tablet=\u00bb1px\u00bb link_text_shadow_horizontal_length=\u00bblink_text_shadow_style,%91object Object%93&#8243; link_text_shadow_horizontal_length_tablet=\u00bb0px\u00bb link_text_shadow_vertical_length=\u00bblink_text_shadow_style,%91object Object%93&#8243; link_text_shadow_vertical_length_tablet=\u00bb0px\u00bb link_text_shadow_blur_strength=\u00bblink_text_shadow_style,%91object Object%93&#8243; link_text_shadow_blur_strength_tablet=\u00bb1px\u00bb ul_text_shadow_horizontal_length=\u00bbul_text_shadow_style,%91object Object%93&#8243; ul_text_shadow_horizontal_length_tablet=\u00bb0px\u00bb ul_text_shadow_vertical_length=\u00bbul_text_shadow_style,%91object Object%93&#8243; ul_text_shadow_vertical_length_tablet=\u00bb0px\u00bb ul_text_shadow_blur_strength=\u00bbul_text_shadow_style,%91object Object%93&#8243; ul_text_shadow_blur_strength_tablet=\u00bb1px\u00bb ol_text_shadow_horizontal_length=\u00bbol_text_shadow_style,%91object Object%93&#8243; ol_text_shadow_horizontal_length_tablet=\u00bb0px\u00bb ol_text_shadow_vertical_length=\u00bbol_text_shadow_style,%91object Object%93&#8243; ol_text_shadow_vertical_length_tablet=\u00bb0px\u00bb ol_text_shadow_blur_strength=\u00bbol_text_shadow_style,%91object Object%93&#8243; ol_text_shadow_blur_strength_tablet=\u00bb1px\u00bb quote_text_shadow_horizontal_length=\u00bbquote_text_shadow_style,%91object Object%93&#8243; quote_text_shadow_horizontal_length_tablet=\u00bb0px\u00bb quote_text_shadow_vertical_length=\u00bbquote_text_shadow_style,%91object Object%93&#8243; quote_text_shadow_vertical_length_tablet=\u00bb0px\u00bb quote_text_shadow_blur_strength=\u00bbquote_text_shadow_style,%91object Object%93&#8243; quote_text_shadow_blur_strength_tablet=\u00bb1px\u00bb header_text_shadow_horizontal_length=\u00bbheader_text_shadow_style,%91object Object%93&#8243; header_text_shadow_horizontal_length_tablet=\u00bb0px\u00bb header_text_shadow_vertical_length=\u00bbheader_text_shadow_style,%91object Object%93&#8243; header_text_shadow_vertical_length_tablet=\u00bb0px\u00bb header_text_shadow_blur_strength=\u00bbheader_text_shadow_style,%91object Object%93&#8243; header_text_shadow_blur_strength_tablet=\u00bb1px\u00bb header_2_text_shadow_horizontal_length=\u00bbheader_2_text_shadow_style,%91object Object%93&#8243; header_2_text_shadow_horizontal_length_tablet=\u00bb0px\u00bb header_2_text_shadow_vertical_length=\u00bbheader_2_text_shadow_style,%91object Object%93&#8243; header_2_text_shadow_vertical_length_tablet=\u00bb0px\u00bb header_2_text_shadow_blur_strength=\u00bbheader_2_text_shadow_style,%91object Object%93&#8243; header_2_text_shadow_blur_strength_tablet=\u00bb1px\u00bb header_3_text_shadow_horizontal_length=\u00bbheader_3_text_shadow_style,%91object Object%93&#8243; header_3_text_shadow_horizontal_length_tablet=\u00bb0px\u00bb header_3_text_shadow_vertical_length=\u00bbheader_3_text_shadow_style,%91object Object%93&#8243; header_3_text_shadow_vertical_length_tablet=\u00bb0px\u00bb header_3_text_shadow_blur_strength=\u00bbheader_3_text_shadow_style,%91object Object%93&#8243; header_3_text_shadow_blur_strength_tablet=\u00bb1px\u00bb header_4_text_shadow_horizontal_length=\u00bbheader_4_text_shadow_style,%91object Object%93&#8243; header_4_text_shadow_horizontal_length_tablet=\u00bb0px\u00bb header_4_text_shadow_vertical_length=\u00bbheader_4_text_shadow_style,%91object Object%93&#8243; header_4_text_shadow_vertical_length_tablet=\u00bb0px\u00bb header_4_text_shadow_blur_strength=\u00bbheader_4_text_shadow_style,%91object Object%93&#8243; header_4_text_shadow_blur_strength_tablet=\u00bb1px\u00bb header_5_text_shadow_horizontal_length=\u00bbheader_5_text_shadow_style,%91object Object%93&#8243; header_5_text_shadow_horizontal_length_tablet=\u00bb0px\u00bb header_5_text_shadow_vertical_length=\u00bbheader_5_text_shadow_style,%91object Object%93&#8243; header_5_text_shadow_vertical_length_tablet=\u00bb0px\u00bb header_5_text_shadow_blur_strength=\u00bbheader_5_text_shadow_style,%91object Object%93&#8243; header_5_text_shadow_blur_strength_tablet=\u00bb1px\u00bb header_6_text_shadow_horizontal_length=\u00bbheader_6_text_shadow_style,%91object Object%93&#8243; header_6_text_shadow_horizontal_length_tablet=\u00bb0px\u00bb header_6_text_shadow_vertical_length=\u00bbheader_6_text_shadow_style,%91object Object%93&#8243; header_6_text_shadow_vertical_length_tablet=\u00bb0px\u00bb header_6_text_shadow_blur_strength=\u00bbheader_6_text_shadow_style,%91object Object%93&#8243; header_6_text_shadow_blur_strength_tablet=\u00bb1px\u00bb box_shadow_horizontal_tablet=\u00bb0px\u00bb box_shadow_vertical_tablet=\u00bb0px\u00bb box_shadow_blur_tablet=\u00bb40px\u00bb box_shadow_spread_tablet=\u00bb0px\u00bb vertical_offset_tablet=\u00bb0&#8243; horizontal_offset_tablet=\u00bb0&#8243; z_index_tablet=\u00bb0&#8243;]<\/p>\n<p>\u00a0<\/p>\n<p>POLITICA DE PRIVACIDAD<br \/>Los datos personales de los clientes tienen car\u00e1cter confidencial, y por ello Majadahonda Sonora C.B.<br \/>asume el compromiso de garantizar la privacidad del usuario, cliente, suscriptor o visitante de<br \/>sonoramajadahonda.com, en todo momento.<br \/>Majadahonda Sonora C.B. asume tambi\u00e9n el compromiso de no recoger informaci\u00f3n innecesaria sobre<br \/>el usuario. Asimismo, Majadahonda Sonora C.B. se compromete a tratar con extrema diligencia la<br \/>informaci\u00f3n personal que el usuario pueda facilitar.<\/p>\n<p>PROTECCION DE DATOS<\/p>\n<p><span style=\"font-size: medium; font-family: 'Times New Roman'; font-weight: normal;\">Majadahonda Sonora C.B. es el RESPONSABLE del tratamiento de los datos personales del USUARIO<\/span><\/p>\n<p><span style=\"font-size: medium; font-family: 'Times New Roman'; font-weight: normal;\"> y le informa de que estos datos ser\u00e1n tratados de conformidad con lo dispuesto en el Reglamento <\/span><\/p>\n<p><span style=\"font-size: medium; font-family: 'Times New Roman'; font-weight: normal;\">(UE) 2016\/679, de 27 de abril (GDPR), y la Ley Org\u00e1nica 3\/2018, de 5 de diciembre (LOPDGDD).<\/span><\/p>\n<p>La cumplimentaci\u00f3n de formularios incluidos en el sitio o el env\u00edo de correos electr\u00f3nicos u otras<br \/>comunicaciones a Majadahonda Sonora C.B. implica el consentimiento expreso del usuario a la<br \/>inclusi\u00f3n de sus datos de car\u00e1cter personal en la base de datos de Majadahonda Sonora C.B.<br \/>El usuario puede ejercitar su derecho de acceso, rectificaci\u00f3n, cancelaci\u00f3n y oposici\u00f3n con arreglo a lo<br \/>previsto en la Ley Org\u00e1nica 15\/1999, de 13 de diciembre, de Protecci\u00f3n de Datos de Car\u00e1cter Personal y<br \/>dem\u00e1s normativa aplicable al efecto, mediante el email: <a href=\"mailto:sonora@sonoramajadahonda.com\">sonora@sonoramajadahonda.com<\/a>.<\/p>\n<p>SEGURIDAD DE LA INFORMACION<br \/>Majadahonda Sonora C.B. ha empleado todos los sistemas y medidas t\u00e9cnicas a su alcance para evitar<br \/>la p\u00e9rdida, mal uso, alteraci\u00f3n, acceso no autorizado y sustracci\u00f3n de los datos facilitados por el<br \/>usuario.<br \/>El usuario utiliza nuestro servidor seguro.<br \/>Las comunicaciones privadas entre los alumnos y cada miembro de Majadahonda Sonora C.B. son<br \/>confidenciales. El acceso a esta informaci\u00f3n est\u00e1 restringido mediante herramientas tecnol\u00f3gicas y<br \/>estrictos controles internos.<br \/>Solamente el usuario y el miembro de Majadahonda Sonora C.B. tienen acceso al contenido de los<br \/>mensajes intercambiados entre los mismos a trav\u00e9s de Majadahonda Sonora C.B.<br \/>Asimismo, para garantizar la protecci\u00f3n del secreto profesional entre el miembro de Majadahonda<br \/>Sonora C.B. y el usuario se preserve en todas las comunicaciones, el usuario debe procurar no revelar<br \/>su informaci\u00f3n confidencial a tercero alguno salvo al miembro de Majadahonda Sonora C.B. y<br \/>viceversa.<\/p>\n<p>PROTECCION<br \/>La informaci\u00f3n del usuario almacenada en los servidores de Majadahonda Sonora C.B. se conserva en<br \/>el entorno m\u00e1s seguro posible. Entre otras medidas de seguridad f\u00edsicas y tecnol\u00f3gicas, Majadahonda<br \/>Sonora C.B. dispone de un control de cortafuegos dirigido a controlar el acceso a los servidores del<br \/>sitio web desde el exterior.<\/p>\n<p>INFORMACION PERSONAL<br \/>Majadahonda Sonora C.B. puede almacenar y hacer uso de las direcciones IP que figuran en los<br \/>archivos de registro (logs) a fin de analizar las tendencias, administrar el sitio y realizar un seguimiento<br \/>de la utilizaci\u00f3n del sitio en su conjunto. La informaci\u00f3n global recogida puede utilizarse para<br \/>personalizar la respuesta al usuario.<br \/>Majadahonda Sonora C.B. no asocia direcciones IP con informaci\u00f3n identificable<br \/>personalmente. Majadahonda Sonora C.B. puede supervisar las preguntas o consultas formuladas por<br \/>los usuarios de forma p\u00fablica y abierta en el sitio web a fin de mejorar el rendimiento del mismo.<\/p>\n<p><!-- \/wp:shortcode --><\/p>\n<p>\u00a0<\/p>\n<p>[\/et_pb_text][\/et_pb_column][\/et_pb_row][\/et_pb_section]<\/p>\n","protected":false},"excerpt":{"rendered":"<p>\u00a0POLITICA DE PRIVACIDADLos datos personales de los clientes tienen car\u00e1cter confidencial, y por ello Majadahonda Sonora C.B.asume el compromiso de garantizar la privacidad del usuario, cliente, suscriptor o visitante desonoramajadahonda.com, en todo momento.Majadahonda Sonora C.B. asume tambi\u00e9n el compromiso de no recoger informaci\u00f3n innecesaria sobreel usuario. Asimismo, Majadahonda Sonora C.B. se compromete a tratar con [&hellip;]<\/p>\n","protected":false},"author":1,"featured_media":0,"parent":0,"menu_order":0,"comment_status":"closed","ping_status":"closed","template":"","meta":{"_et_pb_use_builder":"on","_et_pb_old_content":"<!-- wp:shortcode -->\r\n<p>[pdrgpd-politica-privacidad]<\/p>\r\n<!-- \/wp:shortcode -->\r\n<p>\u00a0<\/p>","_et_gb_content_width":"","footnotes":""},"yoast_head":"<!-- This site is optimized with the Yoast SEO plugin v23.5 - https:\/\/yoast.com\/wordpress\/plugins\/seo\/ -->\n<title>Pol\u00edtica de privacidad<\/title>\n<meta name=\"robots\" content=\"index, follow, max-snippet:-1, max-image-preview:large, max-video-preview:-1\" \/>\n<link rel=\"canonical\" href=\"https:\/\/www.sonoramajadahonda.com\/escuela-de-musica\/privacidad\/\" \/>\n<meta property=\"og:locale\" content=\"es_ES\" \/>\n<meta property=\"og:type\" content=\"article\" \/>\n<meta property=\"og:title\" content=\"Pol\u00edtica de privacidad\" \/>\n<meta property=\"og:description\" content=\"\u00a0POLITICA DE PRIVACIDADLos datos personales de los clientes tienen car\u00e1cter confidencial, y por ello Majadahonda Sonora C.B.asume el compromiso de garantizar la privacidad del usuario, cliente, suscriptor o visitante desonoramajadahonda.com, en todo momento.Majadahonda Sonora C.B. asume tambi\u00e9n el compromiso de no recoger informaci\u00f3n innecesaria sobreel usuario. Asimismo, Majadahonda Sonora C.B. se compromete a tratar con [&hellip;]\" \/>\n<meta property=\"og:url\" content=\"https:\/\/www.sonoramajadahonda.com\/escuela-de-musica\/privacidad\/\" \/>\n<meta property=\"og:site_name\" content=\"Escuela de Musica - Sonora - Casa de Musicos\" \/>\n<meta property=\"article:modified_time\" content=\"2023-10-17T14:57:28+00:00\" \/>\n<meta name=\"twitter:card\" content=\"summary_large_image\" \/>\n<meta name=\"twitter:label1\" content=\"Tiempo de lectura\" \/>\n\t<meta name=\"twitter:data1\" content=\"3 minutos\" \/>\n<script type=\"application\/ld+json\" class=\"yoast-schema-graph\">{\"@context\":\"https:\/\/schema.org\",\"@graph\":[{\"@type\":\"WebPage\",\"@id\":\"https:\/\/www.sonoramajadahonda.com\/escuela-de-musica\/privacidad\/\",\"url\":\"https:\/\/www.sonoramajadahonda.com\/escuela-de-musica\/privacidad\/\",\"name\":\"Pol\u00edtica de privacidad\",\"isPartOf\":{\"@id\":\"https:\/\/www.sonoramajadahonda.com\/escuela-de-musica\/#website\"},\"datePublished\":\"2023-06-13T16:57:58+00:00\",\"dateModified\":\"2023-10-17T14:57:28+00:00\",\"breadcrumb\":{\"@id\":\"https:\/\/www.sonoramajadahonda.com\/escuela-de-musica\/privacidad\/#breadcrumb\"},\"inLanguage\":\"es\",\"potentialAction\":[{\"@type\":\"ReadAction\",\"target\":[\"https:\/\/www.sonoramajadahonda.com\/escuela-de-musica\/privacidad\/\"]}]},{\"@type\":\"BreadcrumbList\",\"@id\":\"https:\/\/www.sonoramajadahonda.com\/escuela-de-musica\/privacidad\/#breadcrumb\",\"itemListElement\":[{\"@type\":\"ListItem\",\"position\":1,\"name\":\"Portada\",\"item\":\"https:\/\/www.sonoramajadahonda.com\/escuela-de-musica\/\"},{\"@type\":\"ListItem\",\"position\":2,\"name\":\"Pol\u00edtica de privacidad\"}]},{\"@type\":\"WebSite\",\"@id\":\"https:\/\/www.sonoramajadahonda.com\/escuela-de-musica\/#website\",\"url\":\"https:\/\/www.sonoramajadahonda.com\/escuela-de-musica\/\",\"name\":\"Escuela de Musica - Sonora - Casa de Musicos\",\"description\":\"Escuela de M\u00fasica, Clases de Guitarra, Bajo, Bateria, Canto y Piano, Todas las edades y niveles\",\"publisher\":{\"@id\":\"https:\/\/www.sonoramajadahonda.com\/escuela-de-musica\/#organization\"},\"potentialAction\":[{\"@type\":\"SearchAction\",\"target\":{\"@type\":\"EntryPoint\",\"urlTemplate\":\"https:\/\/www.sonoramajadahonda.com\/escuela-de-musica\/?s={search_term_string}\"},\"query-input\":{\"@type\":\"PropertyValueSpecification\",\"valueRequired\":true,\"valueName\":\"search_term_string\"}}],\"inLanguage\":\"es\"},{\"@type\":\"Organization\",\"@id\":\"https:\/\/www.sonoramajadahonda.com\/escuela-de-musica\/#organization\",\"name\":\"Sonora Majadahonda\",\"url\":\"https:\/\/www.sonoramajadahonda.com\/escuela-de-musica\/\",\"logo\":{\"@type\":\"ImageObject\",\"inLanguage\":\"es\",\"@id\":\"https:\/\/www.sonoramajadahonda.com\/escuela-de-musica\/#\/schema\/logo\/image\/\",\"url\":\"https:\/\/www.sonoramajadahonda.com\/escuela-de-musica\/wp-content\/uploads\/2021\/02\/ESCUELA-DE-MUSICA-MAJADAHONDA-1.png\",\"contentUrl\":\"https:\/\/www.sonoramajadahonda.com\/escuela-de-musica\/wp-content\/uploads\/2021\/02\/ESCUELA-DE-MUSICA-MAJADAHONDA-1.png\",\"width\":480,\"height\":387,\"caption\":\"Sonora Majadahonda\"},\"image\":{\"@id\":\"https:\/\/www.sonoramajadahonda.com\/escuela-de-musica\/#\/schema\/logo\/image\/\"}}]}<\/script>\n<!-- \/ Yoast SEO plugin. -->","yoast_head_json":{"title":"Pol\u00edtica de privacidad","robots":{"index":"index","follow":"follow","max-snippet":"max-snippet:-1","max-image-preview":"max-image-preview:large","max-video-preview":"max-video-preview:-1"},"canonical":"https:\/\/www.sonoramajadahonda.com\/escuela-de-musica\/privacidad\/","og_locale":"es_ES","og_type":"article","og_title":"Pol\u00edtica de privacidad","og_description":"\u00a0POLITICA DE PRIVACIDADLos datos personales de los clientes tienen car\u00e1cter confidencial, y por ello Majadahonda Sonora C.B.asume el compromiso de garantizar la privacidad del usuario, cliente, suscriptor o visitante desonoramajadahonda.com, en todo momento.Majadahonda Sonora C.B. asume tambi\u00e9n el compromiso de no recoger informaci\u00f3n innecesaria sobreel usuario. Asimismo, Majadahonda Sonora C.B. se compromete a tratar con [&hellip;]","og_url":"https:\/\/www.sonoramajadahonda.com\/escuela-de-musica\/privacidad\/","og_site_name":"Escuela de Musica - Sonora - Casa de Musicos","article_modified_time":"2023-10-17T14:57:28+00:00","twitter_card":"summary_large_image","twitter_misc":{"Tiempo de lectura":"3 minutos"},"schema":{"@context":"https:\/\/schema.org","@graph":[{"@type":"WebPage","@id":"https:\/\/www.sonoramajadahonda.com\/escuela-de-musica\/privacidad\/","url":"https:\/\/www.sonoramajadahonda.com\/escuela-de-musica\/privacidad\/","name":"Pol\u00edtica de privacidad","isPartOf":{"@id":"https:\/\/www.sonoramajadahonda.com\/escuela-de-musica\/#website"},"datePublished":"2023-06-13T16:57:58+00:00","dateModified":"2023-10-17T14:57:28+00:00","breadcrumb":{"@id":"https:\/\/www.sonoramajadahonda.com\/escuela-de-musica\/privacidad\/#breadcrumb"},"inLanguage":"es","potentialAction":[{"@type":"ReadAction","target":["https:\/\/www.sonoramajadahonda.com\/escuela-de-musica\/privacidad\/"]}]},{"@type":"BreadcrumbList","@id":"https:\/\/www.sonoramajadahonda.com\/escuela-de-musica\/privacidad\/#breadcrumb","itemListElement":[{"@type":"ListItem","position":1,"name":"Portada","item":"https:\/\/www.sonoramajadahonda.com\/escuela-de-musica\/"},{"@type":"ListItem","position":2,"name":"Pol\u00edtica de privacidad"}]},{"@type":"WebSite","@id":"https:\/\/www.sonoramajadahonda.com\/escuela-de-musica\/#website","url":"https:\/\/www.sonoramajadahonda.com\/escuela-de-musica\/","name":"Escuela de Musica - Sonora - Casa de Musicos","description":"Escuela de M\u00fasica, Clases de Guitarra, Bajo, Bateria, Canto y Piano, Todas las edades y niveles","publisher":{"@id":"https:\/\/www.sonoramajadahonda.com\/escuela-de-musica\/#organization"},"potentialAction":[{"@type":"SearchAction","target":{"@type":"EntryPoint","urlTemplate":"https:\/\/www.sonoramajadahonda.com\/escuela-de-musica\/?s={search_term_string}"},"query-input":{"@type":"PropertyValueSpecification","valueRequired":true,"valueName":"search_term_string"}}],"inLanguage":"es"},{"@type":"Organization","@id":"https:\/\/www.sonoramajadahonda.com\/escuela-de-musica\/#organization","name":"Sonora Majadahonda","url":"https:\/\/www.sonoramajadahonda.com\/escuela-de-musica\/","logo":{"@type":"ImageObject","inLanguage":"es","@id":"https:\/\/www.sonoramajadahonda.com\/escuela-de-musica\/#\/schema\/logo\/image\/","url":"https:\/\/www.sonoramajadahonda.com\/escuela-de-musica\/wp-content\/uploads\/2021\/02\/ESCUELA-DE-MUSICA-MAJADAHONDA-1.png","contentUrl":"https:\/\/www.sonoramajadahonda.com\/escuela-de-musica\/wp-content\/uploads\/2021\/02\/ESCUELA-DE-MUSICA-MAJADAHONDA-1.png","width":480,"height":387,"caption":"Sonora Majadahonda"},"image":{"@id":"https:\/\/www.sonoramajadahonda.com\/escuela-de-musica\/#\/schema\/logo\/image\/"}}]}},"_links":{"self":[{"href":"https:\/\/www.sonoramajadahonda.com\/escuela-de-musica\/wp-json\/wp\/v2\/pages\/4323"}],"collection":[{"href":"https:\/\/www.sonoramajadahonda.com\/escuela-de-musica\/wp-json\/wp\/v2\/pages"}],"about":[{"href":"https:\/\/www.sonoramajadahonda.com\/escuela-de-musica\/wp-json\/wp\/v2\/types\/page"}],"author":[{"embeddable":true,"href":"https:\/\/www.sonoramajadahonda.com\/escuela-de-musica\/wp-json\/wp\/v2\/users\/1"}],"replies":[{"embeddable":true,"href":"https:\/\/www.sonoramajadahonda.com\/escuela-de-musica\/wp-json\/wp\/v2\/comments?post=4323"}],"version-history":[{"count":8,"href":"https:\/\/www.sonoramajadahonda.com\/escuela-de-musica\/wp-json\/wp\/v2\/pages\/4323\/revisions"}],"predecessor-version":[{"id":4507,"href":"https:\/\/www.sonoramajadahonda.com\/escuela-de-musica\/wp-json\/wp\/v2\/pages\/4323\/revisions\/4507"}],"wp:attachment":[{"href":"https:\/\/www.sonoramajadahonda.com\/escuela-de-musica\/wp-json\/wp\/v2\/media?parent=4323"}],"curies":[{"name":"wp","href":"https:\/\/api.w.org\/{rel}","templated":true}]}}